{"id":135,"date":"2023-10-11T18:42:20","date_gmt":"2023-10-11T16:42:20","guid":{"rendered":"https:\/\/aldeadeninos.com.ar\/primario\/?page_id=135"},"modified":"2025-02-03T13:31:43","modified_gmt":"2025-02-03T12:31:43","slug":"admisiones","status":"publish","type":"page","link":"https:\/\/aldeadeninos.com.ar\/primario\/admisiones\/","title":{"rendered":"Admisiones"},"content":{"rendered":"<p>[et_pb_section fb_built=\u00bb1&#8243; fullwidth=\u00bbon\u00bb admin_label=\u00bbHeader Section\u00bb _builder_version=\u00bb4.23.1&#8243; background_image=\u00bbhttps:\/\/aldeadeninos.com.ar\/primario\/wp-content\/uploads\/sites\/3\/2023\/12\/ADMISIONES.webp\u00bb background_position=\u00bbtop_center\u00bb top_divider_style=\u00bbclouds2&#8243; top_divider_color=\u00bbrgba(255,255,255,0.3)\u00bb top_divider_height=\u00bb100%\u00bb bottom_divider_height=\u00bb30px\u00bb global_colors_info=\u00bb{}\u00bb][et_pb_fullwidth_header title=\u00bbAdmisiones\u00bb text_orientation=\u00bbcenter\u00bb _builder_version=\u00bb4.23.1&#8243; title_font=\u00bbcalibri-bold|700|||||||\u00bb title_text_color=\u00bbgcid-9e07bc6e-d910-4dac-8784-42ebb7f43e81&#8243; title_font_size=\u00bb4rem\u00bb title_letter_spacing=\u00bb5px\u00bb title_line_height=\u00bb2em\u00bb content_font=\u00bbRubik||||||||\u00bb content_font_size=\u00bb18px\u00bb content_line_height=\u00bb2em\u00bb subhead_font=\u00bbAntroposofia|700|||||||\u00bb subhead_text_color=\u00bbrgba(0,0,0,0.8)\u00bb subhead_font_size=\u00bb50px\u00bb subhead_line_height=\u00bb1.4em\u00bb background_color=\u00bbrgba(0,0,0,0.3)\u00bb background_size=\u00bbcontain\u00bb background_position=\u00bbbottom_center\u00bb custom_button_one=\u00bbon\u00bb button_one_text_size=\u00bb16px\u00bb button_one_text_color=\u00bb#ffffff\u00bb button_one_bg_color=\u00bb#ff7355&#8243; button_one_border_width=\u00bb15px\u00bb button_one_border_color=\u00bbrgba(210,159,104,0)\u00bb button_one_border_radius=\u00bb100px\u00bb button_one_letter_spacing=\u00bb0px\u00bb button_one_font=\u00bbRubik|700|||||||\u00bb button_one_use_icon=\u00bboff\u00bb custom_button_two=\u00bbon\u00bb button_two_text_size=\u00bb16px\u00bb button_two_text_color=\u00bb#ffffff\u00bb button_two_bg_color=\u00bbrgba(0,0,0,0.6)\u00bb button_two_border_width=\u00bb15px\u00bb button_two_border_color=\u00bbrgba(210,159,104,0)\u00bb button_two_border_radius=\u00bb100px\u00bb button_two_letter_spacing=\u00bb0px\u00bb button_two_font=\u00bbRubik|700|||||||\u00bb button_two_use_icon=\u00bboff\u00bb background_layout=\u00bblight\u00bb custom_margin=\u00bb|||\u00bb custom_padding=\u00bb8vw||4vw|\u00bb animation_style=\u00bbslide\u00bb animation_direction=\u00bbbottom\u00bb animation_intensity_slide=\u00bb1%\u00bb title_font_size_tablet=\u00bb4rem\u00bb title_font_size_phone=\u00bb2.1rem\u00bb title_font_size_last_edited=\u00bbon|phone\u00bb subhead_font_size_tablet=\u00bb\u00bb subhead_font_size_phone=\u00bb30px\u00bb subhead_font_size_last_edited=\u00bbon|phone\u00bb button_one_border_radius_hover=\u00bb100px\u00bb button_two_border_radius_hover=\u00bb100px\u00bb button_one_bg_color_hover=\u00bb#ff8a70&#8243; button_two_bg_color_hover=\u00bb#ff8a70&#8243; global_colors_info=\u00bb{%22gcid-9e07bc6e-d910-4dac-8784-42ebb7f43e81%22:%91%22title_text_color%22%93}\u00bb button_one_text_size__hover_enabled=\u00bboff\u00bb button_two_text_size__hover_enabled=\u00bboff\u00bb button_one_text_color__hover_enabled=\u00bboff\u00bb button_two_text_color__hover_enabled=\u00bboff\u00bb button_one_border_width__hover_enabled=\u00bboff\u00bb button_two_border_width__hover_enabled=\u00bboff\u00bb button_one_border_color__hover_enabled=\u00bboff\u00bb button_two_border_color__hover_enabled=\u00bboff\u00bb button_one_border_radius__hover_enabled=\u00bbon\u00bb button_one_border_radius__hover=\u00bb100px\u00bb button_two_border_radius__hover_enabled=\u00bbon\u00bb button_two_border_radius__hover=\u00bb100px\u00bb button_one_letter_spacing__hover_enabled=\u00bboff\u00bb button_two_letter_spacing__hover_enabled=\u00bboff\u00bb button_one_bg_color__hover_enabled=\u00bbon\u00bb button_one_bg_color__hover=\u00bb#ff8a70&#8243; button_two_bg_color__hover_enabled=\u00bbon\u00bb button_two_bg_color__hover=\u00bb#ff8a70&#8243;][\/et_pb_fullwidth_header][\/et_pb_section][et_pb_section fb_built=\u00bb1&#8243; admin_label=\u00bbContact Section\u00bb _builder_version=\u00bb4.16&#8243; background_image=\u00bbhttps:\/\/aldeadeninos.com.ar\/primario\/wp-content\/uploads\/sites\/3\/2023\/08\/shapes-bg-1.png\u00bb parallax=\u00bbon\u00bb custom_padding=\u00bb|||\u00bb global_colors_info=\u00bb{}\u00bb][et_pb_row _builder_version=\u00bb4.16&#8243; custom_width_px=\u00bb750px\u00bb global_colors_info=\u00bb{}\u00bb][et_pb_column type=\u00bb4_4&#8243; _builder_version=\u00bb4.16&#8243; custom_padding=\u00bb|||\u00bb global_colors_info=\u00bb{}\u00bb custom_padding__hover=\u00bb|||\u00bb][et_pb_text _builder_version=\u00bb4.23.1&#8243; text_font=\u00bb||||||||\u00bb header_font=\u00bb||||||||\u00bb header_2_font=\u00bbcalibri-bold||||||||\u00bb header_2_text_color=\u00bbgcid-b0a6342f-4ade-499d-9ee5-20bb046a679a\u00bb header_2_font_size=\u00bb42px\u00bb header_2_line_height=\u00bb1.2em\u00bb header_2_font_size_tablet=\u00bb\u00bb header_2_font_size_phone=\u00bb30px\u00bb header_2_font_size_last_edited=\u00bbon|phone\u00bb locked=\u00bboff\u00bb global_colors_info=\u00bb{%22gcid-b0a6342f-4ade-499d-9ee5-20bb046a679a%22:%91%22header_2_text_color%22%93}\u00bb]<\/p>\n<h2>Ficha de admisi\u00f3n<\/h2>\n<p>[\/et_pb_text][et_pb_contact_form captcha=\u00bboff\u00bb email=\u00bbdireccioncolegioaldea@gmail.com\u00bb title=\u00bbADMISIONES COLEGIO\u00bb custom_message=\u00bbHa recibido esta ficha de preinscripci\u00f3n desde el sitio web del Colegio:||et_pb_line_break_holder||||et_pb_line_break_holder||Grado: %%Grado%%||et_pb_line_break_holder||||et_pb_line_break_holder||DATOS DEL ALUMNO||et_pb_line_break_holder||Asiste al jard\u00edn: %%AsisteJard\u00edn%%||et_pb_line_break_holder||Nombre del jard\u00edn al que asiste: %%NombreJard\u00edn%%||et_pb_line_break_holder||Nombre completo: %%NombreAlumno%%||et_pb_line_break_holder||Fecha de nacimiento: %%NacimientoAlumno%%||et_pb_line_break_holder||Nacionalidad: %%Nacionalidad%%||et_pb_line_break_holder||DNI: %%DNI%%||et_pb_line_break_holder||Domicilio: %%Domicilio%%||et_pb_line_break_holder||Localidad: %%Localidad%%||et_pb_line_break_holder||Tel\u00e9fono: %%Tel\u00e9fono%%||et_pb_line_break_holder||||et_pb_line_break_holder||DATOS DEL PADRE||et_pb_line_break_holder||Nombre completo: %%NombrePadre%%||et_pb_line_break_holder||Fecha de nacimiento: %%NacimientoPadre%%||et_pb_line_break_holder||Nacionalidad: %%NacionalidadPadre%%||et_pb_line_break_holder||DNI: %%DNIPadre%%||et_pb_line_break_holder||Domicilio: %%DomicilioPadre%%||et_pb_line_break_holder||Localidad: %%LocalidadPadre%%||et_pb_line_break_holder||Tel\u00e9fono: %%Tel\u00e9fonoPadre%%||et_pb_line_break_holder||Estudios: %%EstudiosPadre%%||et_pb_line_break_holder||Ocupaci\u00f3n: %%Ocupaci\u00f3nPadre%%||et_pb_line_break_holder||Empleador: %%EmpresaPadre%%||et_pb_line_break_holder||Tel\u00e9fono laboral: %%Tel\u00e9fonoLaboralPadre%%||et_pb_line_break_holder||Celular: %%CelularPadre%%||et_pb_line_break_holder||Email: %%EmailPadre%%||et_pb_line_break_holder||||et_pb_line_break_holder||DATOS DE LA MADRE||et_pb_line_break_holder||Nombre completo: %%NombreMadre%%||et_pb_line_break_holder||Fecha de nacimiento: %%NacimientoMadre%%||et_pb_line_break_holder||Nacionalidad: %%NacionalidadMadre%%||et_pb_line_break_holder||DNI: %%DNIMadre%%||et_pb_line_break_holder||Domicilio: %%DomicilioMadre%%||et_pb_line_break_holder||Localidad: %%LocalidadMadre%%||et_pb_line_break_holder||Tel\u00e9fono: %%Tel\u00e9fonoMadre%%||et_pb_line_break_holder||Estudios: %%EstudiosMadre%%||et_pb_line_break_holder||Ocupaci\u00f3n: %%Ocupaci\u00f3nMadre%%||et_pb_line_break_holder||Empleador: %%EmpresaMadre%%||et_pb_line_break_holder||Tel\u00e9fono laboral: %%Tel\u00e9fonoLaboralMadre%%||et_pb_line_break_holder||Celular: %%CelularMadre%%||et_pb_line_break_holder||Email: %%EmailMadre%%||et_pb_line_break_holder||||et_pb_line_break_holder||DATOS GENERALES||et_pb_line_break_holder||A qu\u00e9 colegio \/ jard\u00edn asiste: %%JardinColegio%%||et_pb_line_break_holder||C\u00f3mo conocieron: %%C\u00f3moConocieron%%||et_pb_line_break_holder||Por qu\u00e9 nos eligieron: %%PorQu\u00e9Eligieron%%\u00bb success_message=\u00bb\u00a1Hemos recibido tu ficha de preinscripci\u00f3n!\u00bb submit_button_text=\u00bbEnviar\u00bb admin_label=\u00bbFormulario de contacto\u00bb module_id=\u00bbet_pb_contact_form_0&#8243; _builder_version=\u00bb4.24.0&#8243; form_field_background_color=\u00bbrgba(114,159,193,0.07)\u00bb form_field_font=\u00bbcalibri-regular||||||||\u00bb custom_button=\u00bbon\u00bb button_text_size=\u00bb16px\u00bb button_text_color=\u00bb#ffffff\u00bb button_bg_color=\u00bbgcid-faa946c2-4a15-4361-9ed9-2b18fe25a8fa\u00bb button_border_width=\u00bb12px\u00bb button_border_color=\u00bbrgba(0,0,0,0)\u00bb button_border_radius=\u00bb50px\u00bb button_letter_spacing=\u00bb4px\u00bb button_font=\u00bb|900||on|||||\u00bb button_icon=\u00bb&#x24;||divi||400&#8243; hover_enabled=\u00bb0&#8243; border_radii=\u00bbon|5px|5px|5px|5px\u00bb box_shadow_style_button=\u00bbpreset3&#8243; box_shadow_vertical_button=\u00bb22px\u00bb box_shadow_blur_button=\u00bb64px\u00bb box_shadow_spread_button=\u00bb-18px\u00bb box_shadow_color_button=\u00bbrgba(92,42,131,0.45)\u00bb form_background_color=\u00bbrgba(114,159,193,0.07)\u00bb locked=\u00bboff\u00bb global_colors_info=\u00bb{%22gcid-faa946c2-4a15-4361-9ed9-2b18fe25a8fa%22:%91%22button_bg_color%22%93}\u00bb button_text_size__hover_enabled=\u00bboff\u00bb button_text_color__hover_enabled=\u00bboff\u00bb button_bg_color__hover_enabled=\u00bboff\u00bb button_border_width__hover_enabled=\u00bboff\u00bb button_border_color__hover_enabled=\u00bboff\u00bb button_border_radius__hover_enabled=\u00bboff\u00bb button_letter_spacing__hover_enabled=\u00bboff\u00bb sticky_enabled=\u00bb0&#8243;][et_pb_contact_field field_id=\u00bbGrado\u00bb field_title=\u00bbGrado\u00bb _builder_version=\u00bb4.22.2&#8243; _module_preset=\u00bbdefault\u00bb global_colors_info=\u00bb{}\u00bb][\/et_pb_contact_field][et_pb_contact_field field_id=\u00bbDatosAlumno\u00bb field_title=\u00bbDatos del alumno\u00bb required_mark=\u00bboff\u00bb fullwidth_field=\u00bbon\u00bb _builder_version=\u00bb4.22.2&#8243; _module_preset=\u00bbdefault\u00bb form_field_background_color=\u00bbRGBA(255,255,255,0)\u00bb form_field_text_color=\u00bb#000000&#8243; form_field_focus_background_color=\u00bb#000000&#8243; form_field_font_size=\u00bb1.2rem\u00bb global_colors_info=\u00bb{}\u00bb][\/et_pb_contact_field][et_pb_contact_field field_id=\u00bbNombreAlumno\u00bb field_title=\u00bbApellido y nombres\u00bb _builder_version=\u00bb4.22.2&#8243; _module_preset=\u00bbdefault\u00bb global_colors_info=\u00bb{}\u00bb][\/et_pb_contact_field][et_pb_contact_field field_id=\u00bbNacimientoAlumno\u00bb field_title=\u00bbFecha de nacimiento\u00bb _builder_version=\u00bb4.22.2&#8243; _module_preset=\u00bbdefault\u00bb global_colors_info=\u00bb{}\u00bb][\/et_pb_contact_field][et_pb_contact_field field_id=\u00bbNacionalidad\u00bb field_title=\u00bbNacionalidad\u00bb _builder_version=\u00bb4.22.2&#8243; _module_preset=\u00bbdefault\u00bb global_colors_info=\u00bb{}\u00bb][\/et_pb_contact_field][et_pb_contact_field field_id=\u00bbDNI\u00bb field_title=\u00bbDNI\u00bb max_length=\u00bb8&#8243; allowed_symbols=\u00bbnumbers\u00bb _builder_version=\u00bb4.21.2&#8243; _module_preset=\u00bbdefault\u00bb global_colors_info=\u00bb{}\u00bb][\/et_pb_contact_field][et_pb_contact_field field_id=\u00bbDomicilio\u00bb field_title=\u00bbDomicilio\u00bb _builder_version=\u00bb4.21.2&#8243; _module_preset=\u00bbdefault\u00bb global_colors_info=\u00bb{}\u00bb][\/et_pb_contact_field][et_pb_contact_field field_id=\u00bbLocalidad\u00bb field_title=\u00bbLocalidad\u00bb _builder_version=\u00bb4.21.2&#8243; _module_preset=\u00bbdefault\u00bb global_colors_info=\u00bb{}\u00bb][\/et_pb_contact_field][et_pb_contact_field field_id=\u00bbTel\u00e9fono\u00bb field_title=\u00bbTel\u00e9fono\u00bb allowed_symbols=\u00bbnumbers\u00bb _builder_version=\u00bb4.22.2&#8243; _module_preset=\u00bbdefault\u00bb global_colors_info=\u00bb{}\u00bb][\/et_pb_contact_field][et_pb_contact_field field_id=\u00bbDatosPadre\u00bb field_title=\u00bbDatos del padre\u00bb required_mark=\u00bboff\u00bb fullwidth_field=\u00bbon\u00bb _builder_version=\u00bb4.22.2&#8243; _module_preset=\u00bbdefault\u00bb form_field_background_color=\u00bbRGBA(255,255,255,0)\u00bb form_field_text_color=\u00bb#000000&#8243; form_field_focus_background_color=\u00bb#000000&#8243; form_field_font_size=\u00bb1.2rem\u00bb global_colors_info=\u00bb{}\u00bb][\/et_pb_contact_field][et_pb_contact_field field_id=\u00bbNombrePadre\u00bb field_title=\u00bbApellido y nombres\u00bb _builder_version=\u00bb4.21.2&#8243; _module_preset=\u00bbdefault\u00bb global_colors_info=\u00bb{}\u00bb][\/et_pb_contact_field][et_pb_contact_field field_id=\u00bbNacimientoPadre\u00bb field_title=\u00bbFecha de nacimiento\u00bb _builder_version=\u00bb4.21.2&#8243; _module_preset=\u00bbdefault\u00bb global_colors_info=\u00bb{}\u00bb][\/et_pb_contact_field][et_pb_contact_field field_id=\u00bbNacionalidadPadre\u00bb field_title=\u00bbNacionalidad\u00bb _builder_version=\u00bb4.21.2&#8243; _module_preset=\u00bbdefault\u00bb global_colors_info=\u00bb{}\u00bb][\/et_pb_contact_field][et_pb_contact_field field_id=\u00bbDNIPadre\u00bb field_title=\u00bbDNI\u00bb max_length=\u00bb8&#8243; allowed_symbols=\u00bbnumbers\u00bb _builder_version=\u00bb4.21.2&#8243; _module_preset=\u00bbdefault\u00bb global_colors_info=\u00bb{}\u00bb][\/et_pb_contact_field][et_pb_contact_field field_id=\u00bbDomicilioPadre\u00bb field_title=\u00bbDomicilio\u00bb _builder_version=\u00bb4.21.2&#8243; _module_preset=\u00bbdefault\u00bb global_colors_info=\u00bb{}\u00bb][\/et_pb_contact_field][et_pb_contact_field field_id=\u00bbLocalidadPadre\u00bb field_title=\u00bbLocalidad\u00bb _builder_version=\u00bb4.21.2&#8243; _module_preset=\u00bbdefault\u00bb global_colors_info=\u00bb{}\u00bb][\/et_pb_contact_field][et_pb_contact_field field_id=\u00bbTel\u00e9fonoPadre\u00bb field_title=\u00bbTel\u00e9fono\u00bb allowed_symbols=\u00bbnumbers\u00bb _builder_version=\u00bb4.22.2&#8243; _module_preset=\u00bbdefault\u00bb global_colors_info=\u00bb{}\u00bb][\/et_pb_contact_field][et_pb_contact_field field_id=\u00bbEstudiosPadre\u00bb field_title=\u00bbEstudios\u00bb _builder_version=\u00bb4.21.2&#8243; _module_preset=\u00bbdefault\u00bb global_colors_info=\u00bb{}\u00bb][\/et_pb_contact_field][et_pb_contact_field field_id=\u00bbOcupaci\u00f3nPadre\u00bb field_title=\u00bbOcupaci\u00f3n\u00bb _builder_version=\u00bb4.21.2&#8243; _module_preset=\u00bbdefault\u00bb global_colors_info=\u00bb{}\u00bb][\/et_pb_contact_field][et_pb_contact_field field_id=\u00bbEmpresaPadre\u00bb field_title=\u00bbNombre de la empresa\u00bb required_mark=\u00bboff\u00bb _builder_version=\u00bb4.22.2&#8243; _module_preset=\u00bbdefault\u00bb global_colors_info=\u00bb{}\u00bb][\/et_pb_contact_field][et_pb_contact_field field_id=\u00bbTel\u00e9fonoLaboralPadre\u00bb field_title=\u00bbTel\u00e9fono laboral\u00bb allowed_symbols=\u00bbnumbers\u00bb required_mark=\u00bboff\u00bb _builder_version=\u00bb4.22.2&#8243; _module_preset=\u00bbdefault\u00bb global_colors_info=\u00bb{}\u00bb][\/et_pb_contact_field][et_pb_contact_field field_id=\u00bbCelularPadre\u00bb field_title=\u00bbCelular\u00bb allowed_symbols=\u00bbnumbers\u00bb _builder_version=\u00bb4.22.2&#8243; _module_preset=\u00bbdefault\u00bb global_colors_info=\u00bb{}\u00bb][\/et_pb_contact_field][et_pb_contact_field field_id=\u00bbEmailPadre\u00bb field_title=\u00bbEmail\u00bb field_type=\u00bbemail\u00bb _builder_version=\u00bb4.21.2&#8243; _module_preset=\u00bbdefault\u00bb global_colors_info=\u00bb{}\u00bb][\/et_pb_contact_field][et_pb_contact_field field_id=\u00bbDatosMadre\u00bb field_title=\u00bbDatos de la madre\u00bb required_mark=\u00bboff\u00bb fullwidth_field=\u00bbon\u00bb _builder_version=\u00bb4.22.2&#8243; _module_preset=\u00bbdefault\u00bb form_field_background_color=\u00bbRGBA(255,255,255,0)\u00bb form_field_text_color=\u00bb#000000&#8243; form_field_focus_background_color=\u00bb#000000&#8243; form_field_font_size=\u00bb1.2rem\u00bb global_colors_info=\u00bb{}\u00bb][\/et_pb_contact_field][et_pb_contact_field field_id=\u00bbNombreMadre\u00bb field_title=\u00bbApellido y nombres\u00bb _builder_version=\u00bb4.21.2&#8243; _module_preset=\u00bbdefault\u00bb global_colors_info=\u00bb{}\u00bb][\/et_pb_contact_field][et_pb_contact_field field_id=\u00bbNacimientoMadre\u00bb field_title=\u00bbFecha de nacimiento\u00bb _builder_version=\u00bb4.22.2&#8243; _module_preset=\u00bbdefault\u00bb global_colors_info=\u00bb{}\u00bb][\/et_pb_contact_field][et_pb_contact_field field_id=\u00bbNacionalidadMadre\u00bb field_title=\u00bbNacionalidad\u00bb _builder_version=\u00bb4.21.2&#8243; _module_preset=\u00bbdefault\u00bb global_colors_info=\u00bb{}\u00bb][\/et_pb_contact_field][et_pb_contact_field field_id=\u00bbDNIMadre\u00bb field_title=\u00bbDNI\u00bb max_length=\u00bb8&#8243; allowed_symbols=\u00bbnumbers\u00bb _builder_version=\u00bb4.21.2&#8243; _module_preset=\u00bbdefault\u00bb global_colors_info=\u00bb{}\u00bb][\/et_pb_contact_field][et_pb_contact_field field_id=\u00bbDomicilioMadre\u00bb field_title=\u00bbDomicilio\u00bb _builder_version=\u00bb4.21.2&#8243; _module_preset=\u00bbdefault\u00bb global_colors_info=\u00bb{}\u00bb][\/et_pb_contact_field][et_pb_contact_field field_id=\u00bbLocalidadMadre\u00bb field_title=\u00bbLocalidad\u00bb _builder_version=\u00bb4.21.2&#8243; _module_preset=\u00bbdefault\u00bb global_colors_info=\u00bb{}\u00bb][\/et_pb_contact_field][et_pb_contact_field field_id=\u00bbTel\u00e9fonoMadre\u00bb field_title=\u00bbTel\u00e9fono\u00bb allowed_symbols=\u00bbnumbers\u00bb _builder_version=\u00bb4.22.2&#8243; _module_preset=\u00bbdefault\u00bb global_colors_info=\u00bb{}\u00bb][\/et_pb_contact_field][et_pb_contact_field field_id=\u00bbEstudiosMadre\u00bb field_title=\u00bbEstudios\u00bb _builder_version=\u00bb4.21.2&#8243; _module_preset=\u00bbdefault\u00bb global_colors_info=\u00bb{}\u00bb][\/et_pb_contact_field][et_pb_contact_field field_id=\u00bbOcupaci\u00f3nMadre\u00bb field_title=\u00bbOcupaci\u00f3n\u00bb _builder_version=\u00bb4.21.2&#8243; _module_preset=\u00bbdefault\u00bb global_colors_info=\u00bb{}\u00bb][\/et_pb_contact_field][et_pb_contact_field field_id=\u00bbEmpresaMadre\u00bb field_title=\u00bbNombre de la empresa\u00bb required_mark=\u00bboff\u00bb _builder_version=\u00bb4.22.2&#8243; _module_preset=\u00bbdefault\u00bb global_colors_info=\u00bb{}\u00bb][\/et_pb_contact_field][et_pb_contact_field field_id=\u00bbTel\u00e9fonoLaboralMadre\u00bb field_title=\u00bbTel\u00e9fono laboral\u00bb allowed_symbols=\u00bbnumbers\u00bb required_mark=\u00bboff\u00bb _builder_version=\u00bb4.22.2&#8243; _module_preset=\u00bbdefault\u00bb global_colors_info=\u00bb{}\u00bb][\/et_pb_contact_field][et_pb_contact_field field_id=\u00bbEmailMadre\u00bb field_title=\u00bbEmail\u00bb field_type=\u00bbemail\u00bb _builder_version=\u00bb4.21.2&#8243; _module_preset=\u00bbdefault\u00bb global_colors_info=\u00bb{}\u00bb][\/et_pb_contact_field][et_pb_contact_field field_id=\u00bbCelularMadre\u00bb field_title=\u00bbCelular\u00bb allowed_symbols=\u00bbnumbers\u00bb _builder_version=\u00bb4.22.2&#8243; _module_preset=\u00bbdefault\u00bb global_colors_info=\u00bb{}\u00bb][\/et_pb_contact_field][et_pb_contact_field field_id=\u00bbDatosGenerales\u00bb field_title=\u00bbOtra informaci\u00f3n\u00bb required_mark=\u00bboff\u00bb fullwidth_field=\u00bbon\u00bb _builder_version=\u00bb4.22.2&#8243; _module_preset=\u00bbdefault\u00bb form_field_background_color=\u00bbRGBA(255,255,255,0)\u00bb form_field_text_color=\u00bb#000000&#8243; form_field_focus_background_color=\u00bb#000000&#8243; form_field_font_size=\u00bb1.2rem\u00bb global_colors_info=\u00bb{}\u00bb][\/et_pb_contact_field][et_pb_contact_field field_id=\u00bbJardinColegio\u00bb field_title=\u00bb\u00bfA cu\u00e1l jard\u00edn o colegio asiste?\u00bb required_mark=\u00bboff\u00bb _builder_version=\u00bb4.22.2&#8243; _module_preset=\u00bbdefault\u00bb global_colors_info=\u00bb{}\u00bb][\/et_pb_contact_field][et_pb_contact_field field_id=\u00bbC\u00f3moConocieron\u00bb field_title=\u00bb\u00bfC\u00f3mo nos conocieron?\u00bb field_type=\u00bbtext\u00bb required_mark=\u00bboff\u00bb _builder_version=\u00bb4.22.2&#8243; _module_preset=\u00bbdefault\u00bb global_colors_info=\u00bb{}\u00bb][\/et_pb_contact_field][et_pb_contact_field field_id=\u00bbPorQu\u00e9Eligieron\u00bb field_title=\u00bb\u00bfPor qu\u00e9 nos eligieron?\u00bb field_type=\u00bbtext\u00bb required_mark=\u00bboff\u00bb _builder_version=\u00bb4.22.2&#8243; _module_preset=\u00bbdefault\u00bb global_colors_info=\u00bb{}\u00bb][\/et_pb_contact_field][\/et_pb_contact_form][\/et_pb_column][\/et_pb_row][\/et_pb_section]<\/p>\n","protected":false},"excerpt":{"rendered":"<p>Ficha de admisi\u00f3n<\/p>\n","protected":false},"author":1,"featured_media":0,"parent":0,"menu_order":0,"comment_status":"closed","ping_status":"closed","template":"","meta":{"_et_pb_use_builder":"on","_et_pb_old_content":"","_et_gb_content_width":"","footnotes":""},"_links":{"self":[{"href":"https:\/\/aldeadeninos.com.ar\/primario\/wp-json\/wp\/v2\/pages\/135"}],"collection":[{"href":"https:\/\/aldeadeninos.com.ar\/primario\/wp-json\/wp\/v2\/pages"}],"about":[{"href":"https:\/\/aldeadeninos.com.ar\/primario\/wp-json\/wp\/v2\/types\/page"}],"author":[{"embeddable":true,"href":"https:\/\/aldeadeninos.com.ar\/primario\/wp-json\/wp\/v2\/users\/1"}],"replies":[{"embeddable":true,"href":"https:\/\/aldeadeninos.com.ar\/primario\/wp-json\/wp\/v2\/comments?post=135"}],"version-history":[{"count":16,"href":"https:\/\/aldeadeninos.com.ar\/primario\/wp-json\/wp\/v2\/pages\/135\/revisions"}],"predecessor-version":[{"id":273611,"href":"https:\/\/aldeadeninos.com.ar\/primario\/wp-json\/wp\/v2\/pages\/135\/revisions\/273611"}],"wp:attachment":[{"href":"https:\/\/aldeadeninos.com.ar\/primario\/wp-json\/wp\/v2\/media?parent=135"}],"curies":[{"name":"wp","href":"https:\/\/api.w.org\/{rel}","templated":true}]}}