{"id":115,"date":"2023-10-11T17:21:29","date_gmt":"2023-10-11T15:21:29","guid":{"rendered":"https:\/\/aldeadeninos.com.ar\/primario\/?page_id=115"},"modified":"2025-12-03T14:01:45","modified_gmt":"2025-12-03T13:01:45","slug":"inscripciones","status":"publish","type":"page","link":"https:\/\/aldeadeninos.com.ar\/primario\/inscripciones\/","title":{"rendered":"Inscripciones"},"content":{"rendered":"<p>[et_pb_section fb_built=\u00bb1&#8243; fullwidth=\u00bbon\u00bb admin_label=\u00bbHeader Section\u00bb _builder_version=\u00bb4.23.1&#8243; background_color=\u00bbrgba(0,0,0,0.5)\u00bb background_image=\u00bbhttps:\/\/aldeadeninos.com.ar\/primario\/wp-content\/uploads\/sites\/3\/2023\/12\/ADMISIONES-INSCRIPCIONES.jpg\u00bb background_blend=\u00bbdarken\u00bb top_divider_style=\u00bbclouds2&#8243; top_divider_color=\u00bbrgba(255,255,255,0.3)\u00bb top_divider_height=\u00bb100%\u00bb bottom_divider_height=\u00bb30px\u00bb global_colors_info=\u00bb{}\u00bb][et_pb_fullwidth_header title=\u00bbInscripciones\u00bb text_orientation=\u00bbcenter\u00bb _builder_version=\u00bb4.23.1&#8243; title_font=\u00bbcalibri-bold|700|||||||\u00bb title_text_color=\u00bbgcid-9e07bc6e-d910-4dac-8784-42ebb7f43e81&#8243; title_font_size=\u00bb4rem\u00bb title_letter_spacing=\u00bb5px\u00bb title_line_height=\u00bb2em\u00bb content_font=\u00bbcalibri-regular|600|||||||\u00bb content_text_color=\u00bb#FFFFFF\u00bb content_font_size=\u00bb18px\u00bb content_line_height=\u00bb2em\u00bb subhead_font=\u00bbRubik|700|||||||\u00bb subhead_text_color=\u00bbrgba(0,0,0,0.8)\u00bb subhead_font_size=\u00bb50px\u00bb subhead_line_height=\u00bb1.4em\u00bb content_link_text_color=\u00bbgcid-9e07bc6e-d910-4dac-8784-42ebb7f43e81&#8243; background_enable_color=\u00bboff\u00bb background_size=\u00bbcontain\u00bb background_position=\u00bbbottom_center\u00bb custom_button_one=\u00bbon\u00bb button_one_text_size=\u00bb16px\u00bb button_one_text_color=\u00bb#ffffff\u00bb button_one_bg_color=\u00bb#ff7355&#8243; button_one_border_width=\u00bb15px\u00bb button_one_border_color=\u00bbrgba(210,159,104,0)\u00bb button_one_border_radius=\u00bb100px\u00bb button_one_letter_spacing=\u00bb0px\u00bb button_one_font=\u00bbRubik|700|||||||\u00bb button_one_use_icon=\u00bboff\u00bb custom_button_two=\u00bbon\u00bb button_two_text_size=\u00bb16px\u00bb button_two_text_color=\u00bb#ffffff\u00bb button_two_bg_color=\u00bbrgba(0,0,0,0.6)\u00bb button_two_border_width=\u00bb15px\u00bb button_two_border_color=\u00bbrgba(210,159,104,0)\u00bb button_two_border_radius=\u00bb100px\u00bb button_two_letter_spacing=\u00bb0px\u00bb button_two_font=\u00bbRubik|700|||||||\u00bb button_two_use_icon=\u00bboff\u00bb background_layout=\u00bblight\u00bb custom_margin=\u00bb|||\u00bb custom_padding=\u00bb8vw||8vw||false|false\u00bb animation_style=\u00bbslide\u00bb animation_direction=\u00bbbottom\u00bb animation_intensity_slide=\u00bb1%\u00bb title_font_size_tablet=\u00bb4rem\u00bb title_font_size_phone=\u00bb1.7rem\u00bb title_font_size_last_edited=\u00bbon|phone\u00bb subhead_font_size_tablet=\u00bb\u00bb subhead_font_size_phone=\u00bb30px\u00bb subhead_font_size_last_edited=\u00bbon|phone\u00bb button_one_border_radius_hover=\u00bb100px\u00bb button_two_border_radius_hover=\u00bb100px\u00bb button_one_bg_color_hover=\u00bb#ff8a70&#8243; button_two_bg_color_hover=\u00bb#ff8a70&#8243; global_colors_info=\u00bb{%22gcid-9e07bc6e-d910-4dac-8784-42ebb7f43e81%22:%91%22title_text_color%22,%22content_link_text_color%22%93}\u00bb button_one_text_size__hover_enabled=\u00bboff\u00bb button_two_text_size__hover_enabled=\u00bboff\u00bb button_one_text_color__hover_enabled=\u00bboff\u00bb button_two_text_color__hover_enabled=\u00bboff\u00bb button_one_border_width__hover_enabled=\u00bboff\u00bb button_two_border_width__hover_enabled=\u00bboff\u00bb button_one_border_color__hover_enabled=\u00bboff\u00bb button_two_border_color__hover_enabled=\u00bboff\u00bb button_one_border_radius__hover_enabled=\u00bbon\u00bb button_one_border_radius__hover=\u00bb100px\u00bb button_two_border_radius__hover_enabled=\u00bbon\u00bb button_two_border_radius__hover=\u00bb100px\u00bb button_one_letter_spacing__hover_enabled=\u00bboff\u00bb button_two_letter_spacing__hover_enabled=\u00bboff\u00bb button_one_bg_color__hover_enabled=\u00bbon\u00bb button_one_bg_color__hover=\u00bb#ff8a70&#8243; button_two_bg_color__hover_enabled=\u00bbon\u00bb button_two_bg_color__hover=\u00bb#ff8a70&#8243;]<\/p>\n<p><span>Abierta la inscripci\u00f3n para Jard\u00edn y Primaria.<\/span><\/p>\n<p><span>Informes de lunes a viernes de 8:00 a 12:00 hs. y de 13:00 a 17:00 hs.\u00a0<\/span><\/p>\n<p><span>Tel\u00e9fono: <a href=\"tel:541120762532\" target=\"_blank\" rel=\"noopener\" title=\"Llamar\">2076-2532<\/a><\/span><\/p>\n<p>[\/et_pb_fullwidth_header][\/et_pb_section][et_pb_section fb_built=\u00bb1&#8243; admin_label=\u00bbTestimonials\u00bb _builder_version=\u00bb4.22.2&#8243; background_image=\u00bbhttps:\/\/aldeadeninos.com.ar\/primario\/wp-content\/uploads\/sites\/3\/2023\/08\/shapes-bg-1.png\u00bb parallax=\u00bbon\u00bb custom_padding=\u00bb|||\u00bb locked=\u00bboff\u00bb global_colors_info=\u00bb{}\u00bb][et_pb_row column_structure=\u00bb1_2,1_2&#8243; _builder_version=\u00bb4.16&#8243; custom_width_px__hover=\u00bb1080px\u00bb custom_width_px__hover_enabled=\u00bb1080px\u00bb custom_width_percent__hover=\u00bb80%\u00bb custom_width_percent__hover_enabled=\u00bb80%\u00bb locked=\u00bboff\u00bb global_colors_info=\u00bb{}\u00bb parallax_1__hover=\u00bboff\u00bb parallax_1__hover_enabled=\u00bboff\u00bb parallax_2__hover=\u00bboff\u00bb parallax_2__hover_enabled=\u00bboff\u00bb parallax_3__hover=\u00bboff\u00bb parallax_3__hover_enabled=\u00bboff\u00bb parallax_4__hover=\u00bboff\u00bb parallax_4__hover_enabled=\u00bboff\u00bb parallax_5__hover=\u00bboff\u00bb parallax_5__hover_enabled=\u00bboff\u00bb parallax_6__hover=\u00bboff\u00bb parallax_6__hover_enabled=\u00bboff\u00bb parallax_method_1__hover=\u00bbon\u00bb parallax_method_1__hover_enabled=\u00bbon\u00bb parallax_method_2__hover=\u00bbon\u00bb parallax_method_2__hover_enabled=\u00bbon\u00bb parallax_method_3__hover=\u00bbon\u00bb parallax_method_3__hover_enabled=\u00bbon\u00bb parallax_method_4__hover=\u00bbon\u00bb parallax_method_4__hover_enabled=\u00bbon\u00bb parallax_method_5__hover=\u00bbon\u00bb parallax_method_5__hover_enabled=\u00bbon\u00bb parallax_method_6__hover=\u00bbon\u00bb parallax_method_6__hover_enabled=\u00bbon\u00bb use_background_color_gradient__hover=\u00bboff\u00bb use_background_color_gradient__hover_enabled=\u00bboff\u00bb background_color_gradient_start__hover=\u00bb#2b87da\u00bb background_color_gradient_start__hover_enabled=\u00bb#2b87da\u00bb background_color_gradient_end__hover=\u00bb#29c4a9&#8243; background_color_gradient_end__hover_enabled=\u00bb#29c4a9&#8243; background_color_gradient_type__hover=\u00bblinear\u00bb background_color_gradient_type__hover_enabled=\u00bblinear\u00bb background_color_gradient_direction__hover=\u00bb180deg\u00bb background_color_gradient_direction__hover_enabled=\u00bb180deg\u00bb background_color_gradient_direction_radial__hover=\u00bbcenter\u00bb background_color_gradient_direction_radial__hover_enabled=\u00bbcenter\u00bb background_color_gradient_start_position__hover=\u00bb0%\u00bb background_color_gradient_start_position__hover_enabled=\u00bb0%\u00bb background_color_gradient_end_position__hover=\u00bb100%\u00bb background_color_gradient_end_position__hover_enabled=\u00bb100%\u00bb background_color_gradient_overlays_image__hover=\u00bboff\u00bb background_color_gradient_overlays_image__hover_enabled=\u00bboff\u00bb parallax__hover=\u00bboff\u00bb parallax__hover_enabled=\u00bboff\u00bb parallax_method__hover=\u00bbon\u00bb parallax_method__hover_enabled=\u00bbon\u00bb background_size__hover=\u00bbcover\u00bb background_size__hover_enabled=\u00bbcover\u00bb background_position__hover=\u00bbcenter\u00bb background_position__hover_enabled=\u00bbcenter\u00bb background_repeat__hover=\u00bbno-repeat\u00bb background_repeat__hover_enabled=\u00bbno-repeat\u00bb background_blend__hover=\u00bbnormal\u00bb background_blend__hover_enabled=\u00bbnormal\u00bb allow_player_pause__hover=\u00bboff\u00bb allow_player_pause__hover_enabled=\u00bboff\u00bb background_video_pause_outside_viewport__hover=\u00bbon\u00bb background_video_pause_outside_viewport__hover_enabled=\u00bbon\u00bb make_fullwidth__hover=\u00bboff\u00bb make_fullwidth__hover_enabled=\u00bboff\u00bb use_custom_width__hover=\u00bboff\u00bb use_custom_width__hover_enabled=\u00bboff\u00bb width_unit__hover=\u00bbon\u00bb width_unit__hover_enabled=\u00bbon\u00bb use_custom_gutter__hover=\u00bboff\u00bb use_custom_gutter__hover_enabled=\u00bboff\u00bb gutter_width__hover=\u00bb3&#8243; gutter_width__hover_enabled=\u00bb3&#8243; make_equal__hover=\u00bboff\u00bb make_equal__hover_enabled=\u00bboff\u00bb border_radii__hover=\u00bbon||||\u00bb border_radii__hover_enabled=\u00bbon||||\u00bb box_shadow_style__hover=\u00bbnone\u00bb box_shadow_style__hover_enabled=\u00bbnone\u00bb box_shadow_color__hover=\u00bbrgba(0,0,0,0.3)\u00bb box_shadow_color__hover_enabled=\u00bbrgba(0,0,0,0.3)\u00bb filter_hue_rotate__hover=\u00bb0deg\u00bb filter_hue_rotate__hover_enabled=\u00bb0deg\u00bb filter_saturate__hover=\u00bb100%\u00bb filter_saturate__hover_enabled=\u00bb100%\u00bb filter_brightness__hover=\u00bb100%\u00bb filter_brightness__hover_enabled=\u00bb100%\u00bb filter_contrast__hover=\u00bb100%\u00bb filter_contrast__hover_enabled=\u00bb100%\u00bb filter_invert__hover=\u00bb0%\u00bb filter_invert__hover_enabled=\u00bb0%\u00bb filter_sepia__hover=\u00bb0%\u00bb filter_sepia__hover_enabled=\u00bb0%\u00bb filter_opacity__hover=\u00bb100%\u00bb filter_opacity__hover_enabled=\u00bb100%\u00bb filter_blur__hover=\u00bb0px\u00bb filter_blur__hover_enabled=\u00bb0px\u00bb mix_blend_mode__hover=\u00bbnormal\u00bb mix_blend_mode__hover_enabled=\u00bbnormal\u00bb animation_style__hover=\u00bbnone\u00bb animation_style__hover_enabled=\u00bbnone\u00bb animation_repeat__hover=\u00bbonce\u00bb animation_repeat__hover_enabled=\u00bbonce\u00bb animation_direction__hover=\u00bbcenter\u00bb animation_direction__hover_enabled=\u00bbcenter\u00bb animation_duration__hover=\u00bb1000ms\u00bb animation_duration__hover_enabled=\u00bb1000ms\u00bb animation_delay__hover=\u00bb0ms\u00bb animation_delay__hover_enabled=\u00bb0ms\u00bb animation_intensity_slide__hover=\u00bb50%\u00bb animation_intensity_slide__hover_enabled=\u00bb50%\u00bb animation_intensity_zoom__hover=\u00bb50%\u00bb animation_intensity_zoom__hover_enabled=\u00bb50%\u00bb animation_intensity_flip__hover=\u00bb50%\u00bb animation_intensity_flip__hover_enabled=\u00bb50%\u00bb animation_intensity_fold__hover=\u00bb50%\u00bb animation_intensity_fold__hover_enabled=\u00bb50%\u00bb animation_intensity_roll__hover=\u00bb50%\u00bb animation_intensity_roll__hover_enabled=\u00bb50%\u00bb animation_starting_opacity__hover=\u00bb0%\u00bb animation_starting_opacity__hover_enabled=\u00bb0%\u00bb animation_speed_curve__hover=\u00bbease-in-out\u00bb animation_speed_curve__hover_enabled=\u00bbease-in-out\u00bb hover_transition_duration__hover=\u00bb300ms\u00bb hover_transition_duration__hover_enabled=\u00bb300ms\u00bb hover_transition_delay__hover=\u00bb0ms\u00bb hover_transition_delay__hover_enabled=\u00bb0ms\u00bb hover_transition_speed_curve__hover=\u00bbease\u00bb hover_transition_speed_curve__hover_enabled=\u00bbease\u00bb background_color_gradient_stops__hover=\u00bb#2b87da 0%|#29c4a9 100%\u00bb][et_pb_column type=\u00bb1_2&#8243; _builder_version=\u00bb4.16&#8243; custom_padding=\u00bb|||\u00bb global_colors_info=\u00bb{}\u00bb custom_padding__hover=\u00bb|||\u00bb][et_pb_text _builder_version=\u00bb4.24.0&#8243; text_font=\u00bbcalibri-regular||||||||\u00bb link_text_color=\u00bbgcid-faa946c2-4a15-4361-9ed9-2b18fe25a8fa\u00bb header_font=\u00bbAntroposofia||||||||\u00bb header_2_font=\u00bbcalibri-bold||||||||\u00bb header_2_text_color=\u00bbgcid-b0a6342f-4ade-499d-9ee5-20bb046a679a\u00bb header_2_font_size=\u00bb2.4rem\u00bb header_2_line_height=\u00bb1.6em\u00bb max_width_last_edited=\u00bboff|desktop\u00bb module_alignment=\u00bbleft\u00bb header_2_font_size_tablet=\u00bb50px\u00bb header_2_font_size_phone=\u00bb30px\u00bb header_2_font_size_last_edited=\u00bbon|phone\u00bb locked=\u00bboff\u00bb global_colors_info=\u00bb{%22gcid-faa946c2-4a15-4361-9ed9-2b18fe25a8fa%22:%91%22link_text_color%22%93,%22gcid-b0a6342f-4ade-499d-9ee5-20bb046a679a%22:%91%22header_2_text_color%22%93}\u00bb]<\/p>\n<h2><span><strong>Para coordinar entrevista:<\/strong><\/span><\/h2>\n<p><a href=\"mailto:direccioncolegioaldea@gmail.com\" style=\"font-size: 16px;\">direccioncolegioaldea@gmail.com<\/a><\/p>\n<p><a href=\"tel:541120762532\" target=\"_blank\" rel=\"noopener\" title=\"Llammar\"><span>(011) 2076-2532<\/span><\/a><\/p>\n<p>[\/et_pb_text][\/et_pb_column][et_pb_column type=\u00bb1_2&#8243; _builder_version=\u00bb4.16&#8243; custom_padding=\u00bb|||\u00bb global_colors_info=\u00bb{}\u00bb custom_padding__hover=\u00bb|||\u00bb][et_pb_text _builder_version=\u00bb4.23.1&#8243; text_font=\u00bbcalibri-regular||||||||\u00bb text_text_color=\u00bbgcid-b0a6342f-4ade-499d-9ee5-20bb046a679a\u00bb header_font=\u00bb||||||||\u00bb header_2_font=\u00bbcalibri-bold||||||||\u00bb header_2_text_color=\u00bbgcid-b0a6342f-4ade-499d-9ee5-20bb046a679a\u00bb header_2_font_size=\u00bb2.3rem\u00bb header_2_line_height=\u00bb1.6em\u00bb module_alignment=\u00bbleft\u00bb header_2_font_size_tablet=\u00bb50px\u00bb header_2_font_size_phone=\u00bb30px\u00bb header_2_font_size_last_edited=\u00bbon|phone\u00bb locked=\u00bboff\u00bb global_colors_info=\u00bb{%22gcid-b0a6342f-4ade-499d-9ee5-20bb046a679a%22:%91%22header_2_text_color%22,%22text_text_color%22%93}\u00bb]<\/p>\n<h2><span><strong>Documentaci\u00f3n requerida*:<\/strong><\/span><\/h2>\n<p><span>DNI del ni\u00f1o y los padres &#8211; <\/span>Partida de\u00a0 nacimiento &#8211; Vacunas &#8211; Libre deuda &#8211; Pase<\/p>\n<p><span><em>* Todo en original y copia.<\/em><\/span><\/p>\n<p>[\/et_pb_text][\/et_pb_column][\/et_pb_row][et_pb_row admin_label=\u00bbTitle Row\u00bb _builder_version=\u00bb4.16&#8243; global_colors_info=\u00bb{}\u00bb][et_pb_column type=\u00bb4_4&#8243; _builder_version=\u00bb4.16&#8243; custom_padding=\u00bb|||\u00bb global_colors_info=\u00bb{}\u00bb custom_padding__hover=\u00bb|||\u00bb][et_pb_text _builder_version=\u00bb4.24.0&#8243; text_font=\u00bbRubik|500|||||||\u00bb text_line_height=\u00bb2em\u00bb link_font=\u00bb||||||||\u00bb ul_font=\u00bb||||||||\u00bb ol_font=\u00bb||||||||\u00bb quote_font=\u00bb||||||||\u00bb header_font=\u00bb||||||||\u00bb header_2_font=\u00bbcalibri-bold|700|||||||\u00bb header_2_text_color=\u00bbgcid-b0a6342f-4ade-499d-9ee5-20bb046a679a\u00bb header_2_font_size=\u00bb40px\u00bb header_2_line_height=\u00bb1.4em\u00bb header_5_font=\u00bbRubik|700||on|||||\u00bb header_5_text_color=\u00bb#2b76df\u00bb header_5_letter_spacing=\u00bb5px\u00bb header_5_line_height=\u00bb1.5em\u00bb text_orientation=\u00bbcenter\u00bb max_width=\u00bb700px\u00bb module_alignment=\u00bbcenter\u00bb custom_margin=\u00bb|||\u00bb custom_margin_tablet=\u00bb0px|||\u00bb custom_margin_last_edited=\u00bboff|desktop\u00bb text_line_height_last_edited=\u00bboff|desktop\u00bb header_2_font_size_tablet=\u00bb\u00bb header_2_font_size_phone=\u00bb30px\u00bb header_2_font_size_last_edited=\u00bbon|phone\u00bb global_colors_info=\u00bb{%22gcid-b0a6342f-4ade-499d-9ee5-20bb046a679a%22:%91%22header_2_text_color%22%93}\u00bb]<\/p>\n<h2>Formularios<\/h2>\n<p>[\/et_pb_text][\/et_pb_column][\/et_pb_row][et_pb_row column_structure=\u00bb1_3,1_3,1_3&#8243; _builder_version=\u00bb4.16&#8243; global_colors_info=\u00bb{}\u00bb][et_pb_column type=\u00bb1_3&#8243; _builder_version=\u00bb4.16&#8243; custom_padding=\u00bb|||\u00bb global_colors_info=\u00bb{}\u00bb custom_padding__hover=\u00bb|||\u00bb][et_pb_testimonial job_title=\u00bbFicha de admisi\u00f3n\u00bb url=\u00bb\/primario\/admisiones\u00bb url_new_window=\u00bbon\u00bb quote_icon=\u00bboff\u00bb admin_label=\u00bbTestimonial\u00bb _builder_version=\u00bb4.23.1&#8243; body_font=\u00bbcalibri-bold||||||||\u00bb body_line_height=\u00bb2em\u00bb position_font=\u00bbcalibri-bold||||||||\u00bb position_font_size=\u00bb1.4rem\u00bb background_color=\u00bb#ffffff\u00bb custom_margin=\u00bb|||\u00bb custom_padding=\u00bb|30px|60px|30px|false|true\u00bb animation_style=\u00bbzoom\u00bb animation_intensity_zoom=\u00bb10%\u00bb link_option_url=\u00bb\/primario\/admisiones\u00bb link_option_url_new_window=\u00bbon\u00bb border_radii=\u00bbon|5px|5px|5px|5px\u00bb border_width_top=\u00bb10px\u00bb border_color_top=\u00bbgcid-faa946c2-4a15-4361-9ed9-2b18fe25a8fa\u00bb box_shadow_style=\u00bbpreset2&#8243; box_shadow_color=\u00bbrgba(0,0,0,0.06)\u00bb global_colors_info=\u00bb{%22gcid-faa946c2-4a15-4361-9ed9-2b18fe25a8fa%22:%91%22border_color_top%22%93}\u00bb][\/et_pb_testimonial][\/et_pb_column][et_pb_column type=\u00bb1_3&#8243; _builder_version=\u00bb4.16&#8243; custom_padding=\u00bb|||\u00bb global_colors_info=\u00bb{}\u00bb custom_padding__hover=\u00bb|||\u00bb][et_pb_testimonial job_title=\u00bbFicha de inscripci\u00f3n\u00bb url=\u00bbhttps:\/\/aldeadeninos.com.ar\/primario\/wp-content\/uploads\/sites\/3\/2023\/10\/Ficha-INSCRIPCION-PROVINCIA-BSAS.pdf\u00bb url_new_window=\u00bbon\u00bb quote_icon=\u00bboff\u00bb admin_label=\u00bbTestimonial\u00bb _builder_version=\u00bb4.23.1&#8243; body_font=\u00bbRubik||||||||\u00bb body_line_height=\u00bb2em\u00bb position_font=\u00bbcalibri-bold||||||||\u00bb position_font_size=\u00bb1.4rem\u00bb background_color=\u00bb#ffffff\u00bb custom_margin=\u00bb|||\u00bb custom_padding=\u00bb|30px|60px|30px|false|true\u00bb animation_style=\u00bbzoom\u00bb animation_intensity_zoom=\u00bb10%\u00bb link_option_url=\u00bbhttps:\/\/aldeadeninos.com.ar\/primario\/wp-content\/uploads\/sites\/3\/2023\/10\/Ficha-INSCRIPCION-PROVINCIA-BSAS.pdf\u00bb link_option_url_new_window=\u00bbon\u00bb border_radii=\u00bbon|5px|5px|5px|5px\u00bb border_width_top=\u00bb10px\u00bb border_color_top=\u00bbgcid-9e07bc6e-d910-4dac-8784-42ebb7f43e81&#8243; box_shadow_style=\u00bbpreset2&#8243; box_shadow_color=\u00bbrgba(0,0,0,0.06)\u00bb global_colors_info=\u00bb{%22gcid-9e07bc6e-d910-4dac-8784-42ebb7f43e81%22:%91%22border_color_top%22%93}\u00bb][\/et_pb_testimonial][\/et_pb_column][et_pb_column type=\u00bb1_3&#8243; _builder_version=\u00bb4.22.2&#8243; _module_preset=\u00bbdefault\u00bb global_colors_info=\u00bb{}\u00bb][et_pb_testimonial job_title=\u00bbReglamento\u00bb url=\u00bbhttps:\/\/aldeadeninos.com.ar\/primario\/wp-content\/uploads\/sites\/3\/2023\/12\/REGLAMENTO.pdf\u00bb url_new_window=\u00bbon\u00bb quote_icon=\u00bboff\u00bb admin_label=\u00bbTestimonial\u00bb _builder_version=\u00bb4.24.0&#8243; body_font=\u00bbRubik||||||||\u00bb body_line_height=\u00bb2em\u00bb position_font=\u00bbcalibri-bold||||||||\u00bb position_font_size=\u00bb1.4rem\u00bb background_color=\u00bb#ffffff\u00bb custom_margin=\u00bb|||\u00bb custom_padding=\u00bb|30px|60px|30px|false|true\u00bb animation_style=\u00bbzoom\u00bb animation_intensity_zoom=\u00bb10%\u00bb link_option_url=\u00bbhttps:\/\/aldeadeninos.com.ar\/primario\/wp-content\/uploads\/sites\/3\/2025\/12\/REGLAMENTO-PRIMARIA.pdf\u00bb link_option_url_new_window=\u00bbon\u00bb border_radii=\u00bbon|5px|5px|5px|5px\u00bb border_width_top=\u00bb10px\u00bb border_color_top=\u00bbgcid-da6d0b8c-391e-48e7-acf1-72336f01de4f\u00bb box_shadow_style=\u00bbpreset2&#8243; box_shadow_color=\u00bbrgba(0,0,0,0.06)\u00bb global_colors_info=\u00bb{%22gcid-da6d0b8c-391e-48e7-acf1-72336f01de4f%22:%91%22border_color_top%22%93}\u00bb][\/et_pb_testimonial][\/et_pb_column][\/et_pb_row][et_pb_row column_structure=\u00bb1_3,1_3,1_3&#8243; _builder_version=\u00bb4.16&#8243; global_colors_info=\u00bb{}\u00bb][et_pb_column type=\u00bb1_3&#8243; _builder_version=\u00bb4.16&#8243; custom_padding=\u00bb|||\u00bb global_colors_info=\u00bb{}\u00bb custom_padding__hover=\u00bb|||\u00bb][et_pb_testimonial job_title=\u00bbFicha de salud\u00bb url=\u00bbhttps:\/\/aldeadeninos.com.ar\/primario\/wp-content\/uploads\/sites\/3\/2023\/10\/FICHA-SALUD.pdf\u00bb url_new_window=\u00bbon\u00bb quote_icon=\u00bboff\u00bb admin_label=\u00bbTestimonial\u00bb _builder_version=\u00bb4.23.1&#8243; body_font=\u00bbcalibri-bold||||||||\u00bb body_line_height=\u00bb2em\u00bb position_font=\u00bbcalibri-bold||||||||\u00bb position_font_size=\u00bb1.4rem\u00bb background_color=\u00bb#ffffff\u00bb custom_margin=\u00bb|||\u00bb custom_padding=\u00bb|30px|60px|30px|false|true\u00bb animation_style=\u00bbzoom\u00bb animation_intensity_zoom=\u00bb10%\u00bb link_option_url=\u00bbhttps:\/\/aldeadeninos.com.ar\/primario\/wp-content\/uploads\/sites\/3\/2023\/10\/FICHA-SALUD.pdf\u00bb link_option_url_new_window=\u00bbon\u00bb border_radii=\u00bbon|5px|5px|5px|5px\u00bb border_width_top=\u00bb10px\u00bb border_color_top=\u00bbgcid-05d3d5b1-8f77-4b2a-966e-3f83215852be\u00bb box_shadow_style=\u00bbpreset2&#8243; box_shadow_color=\u00bbrgba(0,0,0,0.06)\u00bb global_colors_info=\u00bb{%22gcid-05d3d5b1-8f77-4b2a-966e-3f83215852be%22:%91%22border_color_top%22%93}\u00bb][\/et_pb_testimonial][\/et_pb_column][et_pb_column type=\u00bb1_3&#8243; _builder_version=\u00bb4.22.2&#8243; _module_preset=\u00bbdefault\u00bb global_colors_info=\u00bb{}\u00bb][et_pb_testimonial job_title=\u00bbFicha de nataci\u00f3n\u00bb url=\u00bbhttps:\/\/aldeadeninos.com.ar\/primario\/wp-content\/uploads\/sites\/3\/2023\/10\/NATACION.pdf\u00bb url_new_window=\u00bbon\u00bb quote_icon=\u00bboff\u00bb admin_label=\u00bbTestimonial\u00bb _builder_version=\u00bb4.23.1&#8243; body_font=\u00bbcalibri-bold||||||||\u00bb body_line_height=\u00bb2em\u00bb position_font=\u00bbcalibri-bold||||||||\u00bb position_font_size=\u00bb1.4rem\u00bb background_color=\u00bb#ffffff\u00bb custom_margin=\u00bb|||\u00bb custom_padding=\u00bb|30px|60px|30px|false|true\u00bb animation_style=\u00bbzoom\u00bb animation_intensity_zoom=\u00bb10%\u00bb link_option_url=\u00bbhttps:\/\/aldeadeninos.com.ar\/primario\/wp-content\/uploads\/sites\/3\/2023\/10\/NATACION.pdf\u00bb link_option_url_new_window=\u00bbon\u00bb border_radii=\u00bbon|5px|5px|5px|5px\u00bb border_width_top=\u00bb10px\u00bb border_color_top=\u00bbgcid-a467233f-9d6e-4768-b745-45a4a7e93862&#8243; box_shadow_style=\u00bbpreset2&#8243; box_shadow_color=\u00bbrgba(0,0,0,0.06)\u00bb global_colors_info=\u00bb{%22gcid-a467233f-9d6e-4768-b745-45a4a7e93862%22:%91%22border_color_top%22%93}\u00bb][\/et_pb_testimonial][\/et_pb_column][et_pb_column type=\u00bb1_3&#8243; _builder_version=\u00bb4.22.2&#8243; _module_preset=\u00bbdefault\u00bb global_colors_info=\u00bb{}\u00bb][et_pb_testimonial job_title=\u00bbFicha personal de datos y autorizaciones\u00bb url=\u00bbhttps:\/\/aldeadeninos.com.ar\/primario\/wp-content\/uploads\/sites\/3\/2023\/10\/Ficha-personal-de-datos-y-autorizaciones.pdf\u00bb url_new_window=\u00bbon\u00bb quote_icon=\u00bboff\u00bb admin_label=\u00bbTestimonial\u00bb _builder_version=\u00bb4.24.0&#8243; body_font=\u00bbRubik||||||||\u00bb body_line_height=\u00bb2em\u00bb position_font=\u00bbcalibri-bold||||||||\u00bb position_font_size=\u00bb1.4rem\u00bb background_color=\u00bb#ffffff\u00bb custom_margin=\u00bb|||\u00bb custom_padding=\u00bb|30px|14px|30px|false|true\u00bb animation_style=\u00bbzoom\u00bb animation_intensity_zoom=\u00bb10%\u00bb link_option_url=\u00bbhttps:\/\/aldeadeninos.com.ar\/primario\/wp-content\/uploads\/sites\/3\/2025\/12\/Ficha-personal-de-datos-y-autorizaciones.pdf\u00bb link_option_url_new_window=\u00bbon\u00bb hover_enabled=\u00bb0&#8243; border_radii=\u00bbon|5px|5px|5px|5px\u00bb border_width_top=\u00bb10px\u00bb border_color_top=\u00bbgcid-fee7bdde-7fb3-404d-9e03-49ac26222106&#8243; box_shadow_style=\u00bbpreset2&#8243; box_shadow_color=\u00bbrgba(0,0,0,0.06)\u00bb global_colors_info=\u00bb{%22gcid-fee7bdde-7fb3-404d-9e03-49ac26222106%22:%91%22border_color_top%22%93,%22gcid-da6d0b8c-391e-48e7-acf1-72336f01de4f%22:%91%22border_color_top%22%93}\u00bb sticky_enabled=\u00bb0&#8243; min_height=\u00bb166.2px\u00bb][\/et_pb_testimonial][\/et_pb_column][\/et_pb_row][\/et_pb_section][et_pb_section fb_built=\u00bb1&#8243; fullwidth=\u00bbon\u00bb _builder_version=\u00bb4.22.2&#8243; _module_preset=\u00bbdefault\u00bb global_colors_info=\u00bb{}\u00bb][\/et_pb_section]<\/p>\n","protected":false},"excerpt":{"rendered":"<p>Abierta la inscripci\u00f3n para Jard\u00edn y Primaria. Informes de lunes a viernes de 8:00 a 12:00 hs. y de 13:00 a 17:00 hs.\u00a0 Tel\u00e9fono: 2076-2532Para coordinar entrevista: direccioncolegioaldea@gmail.com (011) 2076-2532Documentaci\u00f3n requerida*: DNI del ni\u00f1o y los padres &#8211; Partida de\u00a0 nacimiento &#8211; Vacunas &#8211; Libre deuda &#8211; Pase * Todo en original y copia.Formularios<\/p>\n","protected":false},"author":1,"featured_media":0,"parent":0,"menu_order":0,"comment_status":"closed","ping_status":"closed","template":"","meta":{"_et_pb_use_builder":"on","_et_pb_old_content":"","_et_gb_content_width":"","footnotes":""},"_links":{"self":[{"href":"https:\/\/aldeadeninos.com.ar\/primario\/wp-json\/wp\/v2\/pages\/115"}],"collection":[{"href":"https:\/\/aldeadeninos.com.ar\/primario\/wp-json\/wp\/v2\/pages"}],"about":[{"href":"https:\/\/aldeadeninos.com.ar\/primario\/wp-json\/wp\/v2\/types\/page"}],"author":[{"embeddable":true,"href":"https:\/\/aldeadeninos.com.ar\/primario\/wp-json\/wp\/v2\/users\/1"}],"replies":[{"embeddable":true,"href":"https:\/\/aldeadeninos.com.ar\/primario\/wp-json\/wp\/v2\/comments?post=115"}],"version-history":[{"count":31,"href":"https:\/\/aldeadeninos.com.ar\/primario\/wp-json\/wp\/v2\/pages\/115\/revisions"}],"predecessor-version":[{"id":273628,"href":"https:\/\/aldeadeninos.com.ar\/primario\/wp-json\/wp\/v2\/pages\/115\/revisions\/273628"}],"wp:attachment":[{"href":"https:\/\/aldeadeninos.com.ar\/primario\/wp-json\/wp\/v2\/media?parent=115"}],"curies":[{"name":"wp","href":"https:\/\/api.w.org\/{rel}","templated":true}]}}