{"id":101,"date":"2023-10-11T16:53:08","date_gmt":"2023-10-11T14:53:08","guid":{"rendered":"https:\/\/aldeadeninos.com.ar\/primario\/?page_id=101"},"modified":"2025-02-03T12:49:57","modified_gmt":"2025-02-03T11:49:57","slug":"inicio","status":"publish","type":"page","link":"https:\/\/aldeadeninos.com.ar\/primario\/","title":{"rendered":"Inicio"},"content":{"rendered":"<p>[et_pb_section fb_built=\u00bb1&#8243; fullwidth=\u00bbon\u00bb _builder_version=\u00bb4.23.1&#8243; _module_preset=\u00bbdefault\u00bb global_colors_info=\u00bb{}\u00bb][et_pb_fullwidth_slider _builder_version=\u00bb4.23.1&#8243; _module_preset=\u00bbdefault\u00bb background_enable_image=\u00bboff\u00bb global_colors_info=\u00bb{}\u00bb][et_pb_slide heading=\u00bbColegio de la Aldea\u00bb button_text=\u00bbADMISIONES\u00bb button_link=\u00bb\/primario\/admisiones\u00bb _builder_version=\u00bb4.23.1&#8243; _module_preset=\u00bbdefault\u00bb header_font=\u00bbcalibri-bold||||||||\u00bb header_font_size=\u00bb65px\u00bb body_font=\u00bbcalibri-regular||||||||\u00bb body_font_size=\u00bb2rem\u00bb body_line_height=\u00bb1.8em\u00bb background_color=\u00bbrgba(0,0,0,0.3)\u00bb background_enable_color=\u00bbon\u00bb background_image=\u00bbhttps:\/\/aldeadeninos.com.ar\/primario\/wp-content\/uploads\/sites\/3\/2023\/12\/slider1.webp\u00bb background_enable_image=\u00bbon\u00bb background_position=\u00bbtop_center\u00bb background_blend=\u00bbdarken\u00bb custom_button=\u00bbon\u00bb button_text_size=\u00bb1.2rem\u00bb button_text_color=\u00bbgcid-faa946c2-4a15-4361-9ed9-2b18fe25a8fa\u00bb button_bg_color=\u00bb#FFFFFF\u00bb button_border_color=\u00bb#FFFFFF\u00bb button_border_radius=\u00bb50px\u00bb button_letter_spacing=\u00bb1px\u00bb button_font=\u00bbcalibri-bold||||||||\u00bb button_custom_padding=\u00bb10px||10px||true|false\u00bb global_colors_info=\u00bb{%22gcid-faa946c2-4a15-4361-9ed9-2b18fe25a8fa%22:%91%22button_text_color%22%93}\u00bb sticky_transition=\u00bbon\u00bb]<\/p>\n<p>Queremos brindarles un espacio que genere un entusiasmo genuino por aprender, que evoque gratitud hacia la vida, las personas y nuestra Tierra.<\/p>\n<p>[\/et_pb_slide][et_pb_slide heading=\u00bbColegio de la Aldea\u00bb button_text=\u00bbADMISIONES\u00bb button_link=\u00bb\/primario\/admisiones\u00bb _builder_version=\u00bb4.23.1&#8243; _module_preset=\u00bbdefault\u00bb header_font=\u00bbcalibri-bold||||||||\u00bb header_font_size=\u00bb65px\u00bb body_font=\u00bbcalibri-regular||||||||\u00bb body_font_size=\u00bb2rem\u00bb body_line_height=\u00bb1.8em\u00bb background_color=\u00bbrgba(0,0,0,0.3)\u00bb background_enable_color=\u00bbon\u00bb background_image=\u00bbhttps:\/\/aldeadeninos.com.ar\/primario\/wp-content\/uploads\/sites\/3\/2023\/12\/slider2.webp\u00bb background_enable_image=\u00bbon\u00bb background_position=\u00bbtop_center\u00bb background_blend=\u00bbdarken\u00bb custom_button=\u00bbon\u00bb button_text_size=\u00bb1.2rem\u00bb button_text_color=\u00bbgcid-faa946c2-4a15-4361-9ed9-2b18fe25a8fa\u00bb button_bg_color=\u00bb#FFFFFF\u00bb button_border_color=\u00bb#FFFFFF\u00bb button_border_radius=\u00bb50px\u00bb button_letter_spacing=\u00bb1px\u00bb button_font=\u00bbcalibri-bold||||||||\u00bb button_custom_padding=\u00bb10px||10px||true|false\u00bb global_colors_info=\u00bb{%22gcid-faa946c2-4a15-4361-9ed9-2b18fe25a8fa%22:%91%22button_text_color%22%93}\u00bb sticky_transition=\u00bbon\u00bb]<\/p>\n<p>Queremos brindarles un espacio que genere un entusiasmo genuino por aprender, que evoque gratitud hacia la vida, las personas y nuestra Tierra.<\/p>\n<p>[\/et_pb_slide][et_pb_slide heading=\u00bbColegio de la Aldea\u00bb button_text=\u00bbADMISIONES\u00bb button_link=\u00bb\/primario\/admisiones\u00bb _builder_version=\u00bb4.23.1&#8243; _module_preset=\u00bbdefault\u00bb header_font=\u00bbcalibri-bold||||||||\u00bb header_font_size=\u00bb65px\u00bb body_font=\u00bbcalibri-regular||||||||\u00bb body_font_size=\u00bb2rem\u00bb body_line_height=\u00bb1.8em\u00bb background_color=\u00bbrgba(0,0,0,0.3)\u00bb background_enable_color=\u00bbon\u00bb background_image=\u00bbhttps:\/\/aldeadeninos.com.ar\/primario\/wp-content\/uploads\/sites\/3\/2023\/12\/slider3.webp\u00bb background_enable_image=\u00bbon\u00bb background_position=\u00bbtop_center\u00bb background_blend=\u00bbdarken\u00bb custom_button=\u00bbon\u00bb button_text_size=\u00bb1.2rem\u00bb button_text_color=\u00bbgcid-faa946c2-4a15-4361-9ed9-2b18fe25a8fa\u00bb button_bg_color=\u00bb#FFFFFF\u00bb button_border_color=\u00bb#FFFFFF\u00bb button_border_radius=\u00bb50px\u00bb button_letter_spacing=\u00bb1px\u00bb button_font=\u00bbcalibri-bold||||||||\u00bb button_custom_padding=\u00bb10px||10px||true|false\u00bb global_colors_info=\u00bb{%22gcid-faa946c2-4a15-4361-9ed9-2b18fe25a8fa%22:%91%22button_text_color%22%93}\u00bb sticky_transition=\u00bbon\u00bb]<\/p>\n<p>Queremos brindarles un espacio que genere un entusiasmo genuino por aprender, que evoque gratitud hacia la vida, las personas y nuestra Tierra.<\/p>\n<p>[\/et_pb_slide][\/et_pb_fullwidth_slider][\/et_pb_section][et_pb_section fb_built=\u00bb1&#8243; _builder_version=\u00bb4.23.1&#8243; _module_preset=\u00bbdefault\u00bb custom_padding=\u00bb||||false|false\u00bb global_colors_info=\u00bb{}\u00bb][et_pb_row _builder_version=\u00bb4.23.1&#8243; _module_preset=\u00bbdefault\u00bb global_colors_info=\u00bb{}\u00bb][et_pb_column type=\u00bb4_4&#8243; _builder_version=\u00bb4.23.1&#8243; _module_preset=\u00bbdefault\u00bb global_colors_info=\u00bb{}\u00bb][et_pb_text _builder_version=\u00bb4.23.1&#8243; _module_preset=\u00bbdefault\u00bb text_font=\u00bbcalibri-regular||||||||\u00bb text_text_color=\u00bbgcid-b0a6342f-4ade-499d-9ee5-20bb046a679a\u00bb text_font_size=\u00bb2.3rem\u00bb text_line_height=\u00bb1.1em\u00bb text_orientation=\u00bbcenter\u00bb text_font_size_tablet=\u00bb2.3rem\u00bb text_font_size_phone=\u00bb1.8rem\u00bb text_font_size_last_edited=\u00bbon|phone\u00bb global_colors_info=\u00bb{%22gcid-b0a6342f-4ade-499d-9ee5-20bb046a679a%22:%91%22text_text_color%22%93}\u00bb]<\/p>\n<p>\u00abEl Ni\u00f1o ha de ser recibido con respeto, educado con amor y puesto en la vida en libertad\u00bb (Rudolf Steiner)<\/p>\n<p>[\/et_pb_text][\/et_pb_column][\/et_pb_row][\/et_pb_section][et_pb_section fb_built=\u00bb1&#8243; custom_padding_last_edited=\u00bboff|desktop\u00bb background_color_gradient_stops_1=\u00bb#2b87da 0%|#c7cbd4 100%\u00bb background_color_gradient_end_1=\u00bb#c7cbd4&#8243; admin_label=\u00bbTwo CTA Section\u00bb _builder_version=\u00bb4.16&#8243; custom_padding=\u00bb0px||0px||true\u00bb custom_padding_tablet=\u00bb20px||10px|\u00bb global_colors_info=\u00bb{}\u00bb][et_pb_row column_structure=\u00bb1_2,1_2&#8243; use_custom_gutter=\u00bbon\u00bb gutter_width=\u00bb1&#8243; make_equal=\u00bbon\u00bb padding_top_bottom_link_1=\u00bbtrue\u00bb padding_top_bottom_link_2=\u00bbtrue\u00bb admin_label=\u00bbTwo CTA Row\u00bb module_class=\u00bb et_pb_row_fullwidth\u00bb _builder_version=\u00bb4.23.1&#8243; width=\u00bb100%\u00bb width_tablet=\u00bb100%\u00bb width_phone=\u00bb100%\u00bb width_last_edited=\u00bbon|desktop\u00bb max_width=\u00bb100%\u00bb max_width_tablet=\u00bb100%\u00bb max_width_phone=\u00bb100%\u00bb max_width_last_edited=\u00bbon|desktop\u00bb custom_padding=\u00bb0px|0px|0px|0px\u00bb make_fullwidth=\u00bbon\u00bb global_colors_info=\u00bb{}\u00bb][et_pb_column type=\u00bb1_2&#8243; _builder_version=\u00bb4.23.1&#8243; use_background_color_gradient=\u00bbon\u00bb background_color_gradient_direction=\u00bb90deg\u00bb background_color_gradient_stops=\u00bbrgba(227,232,242,0.72) 0%|#e3e8f2 60%\u00bb background_color_gradient_overlays_image=\u00bbon\u00bb background_color_gradient_start=\u00bbrgba(227,232,242,0.72)\u00bb background_color_gradient_end=\u00bb#e3e8f2&#8243; background_color_gradient_end_position=\u00bb60%\u00bb background_image=\u00bbhttps:\/\/aldeadeninos.com.ar\/primario\/wp-content\/uploads\/sites\/3\/2023\/12\/NOSOTROS.webp\u00bb custom_padding=\u00bb120px|80px|120px|10%\u00bb custom_padding_tablet=\u00bb|10%||10%||true\u00bb custom_padding_phone=\u00bb|10%||10%||true\u00bb custom_padding_last_edited=\u00bbon|tablet\u00bb global_colors_info=\u00bb{}\u00bb padding_tablet=\u00bb|10%||10%||true\u00bb padding_last_edited=\u00bbon|tablet\u00bb custom_padding__hover=\u00bb|||\u00bb padding_phone=\u00bb|10%||10%||true\u00bb][et_pb_cta title=\u00bbNosotros\u00bb button_url=\u00bb#top\u00bb admin_label=\u00bbSchool CTA\u00bb _builder_version=\u00bb4.23.1&#8243; header_font=\u00bbcalibri-bold|700||on|||||\u00bb header_text_color=\u00bbgcid-b0a6342f-4ade-499d-9ee5-20bb046a679a\u00bb header_font_size=\u00bb40px\u00bb header_letter_spacing=\u00bb6px\u00bb header_line_height=\u00bb1.5em\u00bb body_font=\u00bbcalibri-regular|500|||||||\u00bb body_text_color=\u00bbgcid-b0a6342f-4ade-499d-9ee5-20bb046a679a\u00bb body_line_height=\u00bb2em\u00bb use_background_color=\u00bboff\u00bb custom_button=\u00bbon\u00bb button_text_size=\u00bb16px\u00bb button_text_color=\u00bb#ffffff\u00bb button_bg_color=\u00bbrgba(0,0,0,0.6)\u00bb button_border_width=\u00bb10px\u00bb button_border_color=\u00bbrgba(65,65,144,0)\u00bb button_border_radius=\u00bb70px\u00bb button_font=\u00bbRubik|700|||||||\u00bb button_use_icon=\u00bboff\u00bb text_orientation=\u00bbleft\u00bb background_layout=\u00bblight\u00bb max_width=\u00bb600px\u00bb max_width_last_edited=\u00bboff|desktop\u00bb custom_margin=\u00bb|||\u00bb custom_padding=\u00bb|||\u00bb header_font_size_tablet=\u00bb\u00bb header_font_size_phone=\u00bb30px\u00bb header_font_size_last_edited=\u00bbon|phone\u00bb button_text_color_hover=\u00bb#c7ccd4&#8243; button_border_radius_hover=\u00bb70px\u00bb button_bg_color_hover=\u00bb#ffffff\u00bb global_colors_info=\u00bb{%22gcid-b0a6342f-4ade-499d-9ee5-20bb046a679a%22:%91%22header_text_color%22,%22body_text_color%22%93}\u00bb button_text_size__hover_enabled=\u00bboff\u00bb button_one_text_size__hover_enabled=\u00bboff\u00bb button_two_text_size__hover_enabled=\u00bboff\u00bb button_text_color__hover_enabled=\u00bbon\u00bb button_text_color__hover=\u00bb#c7ccd4&#8243; button_one_text_color__hover_enabled=\u00bboff\u00bb button_two_text_color__hover_enabled=\u00bboff\u00bb button_border_width__hover_enabled=\u00bboff\u00bb button_one_border_width__hover_enabled=\u00bboff\u00bb button_two_border_width__hover_enabled=\u00bboff\u00bb button_border_color__hover_enabled=\u00bboff\u00bb button_one_border_color__hover_enabled=\u00bboff\u00bb button_two_border_color__hover_enabled=\u00bboff\u00bb button_border_radius__hover_enabled=\u00bbon\u00bb button_border_radius__hover=\u00bb70px\u00bb button_one_border_radius__hover_enabled=\u00bboff\u00bb button_two_border_radius__hover_enabled=\u00bboff\u00bb button_letter_spacing__hover_enabled=\u00bboff\u00bb button_one_letter_spacing__hover_enabled=\u00bboff\u00bb button_two_letter_spacing__hover_enabled=\u00bboff\u00bb button_bg_color__hover_enabled=\u00bbon\u00bb button_bg_color__hover=\u00bb#ffffff\u00bb button_one_bg_color__hover_enabled=\u00bboff\u00bb button_two_bg_color__hover_enabled=\u00bboff\u00bb]<\/p>\n<p><span style=\"font-weight: 400;\">El colegio de La Aldea se crea a partir de la necesidad de continuar con un proyecto pedag\u00f3gico que se inicia en el jard\u00edn \u201caldea de ni\u00f1os\u201d.<\/span><\/p>\n<p><span style=\"font-weight: 400;\">Somos un grupo de profesionales que nos unimos para brindar a cada ni\u00f1o una mirada en su individualidad y a la comunidad un espacio de respeto y de amor hacia el proceso educativo. Estamos convencidos que el compromiso y el trabajo en equipo para un bien com\u00fan hace la diferencia, y el transitar la escuela primaria se transforma de esta manera en conocimientos que dejan una impronta para toda la vida; ofreciendo un servicio especializado, para un crecimiento arm\u00f3nico, pleno e integral.<\/span><\/p>\n<p>[\/et_pb_cta][\/et_pb_column][et_pb_column type=\u00bb1_2&#8243; _builder_version=\u00bb4.22.2&#8243; use_background_color_gradient=\u00bbon\u00bb background_color_gradient_direction=\u00bb90deg\u00bb background_color_gradient_stops=\u00bbgcid-faa946c2-4a15-4361-9ed9-2b18fe25a8fa 0%|rgba(188,101,72,0.89) 41%|rgba(188,101,72,0.55) 100%\u00bb background_color_gradient_overlays_image=\u00bbon\u00bb background_color_gradient_start=\u00bb#ff7355&#8243; background_color_gradient_start_position=\u00bb40%\u00bb background_color_gradient_end=\u00bbrgba(255,115,85,0.6)\u00bb background_image=\u00bbhttps:\/\/aldeadeninos.com.ar\/primario\/wp-content\/uploads\/sites\/3\/2023\/10\/Colegio-Home-Derecha.webp\u00bb custom_padding=\u00bb120px|10%|120px|80px\u00bb custom_padding_tablet=\u00bb|10%||10%||true\u00bb custom_padding_phone=\u00bb|10%||10%||true\u00bb custom_padding_last_edited=\u00bbon|tablet\u00bb global_colors_info=\u00bb{%22gcid-faa946c2-4a15-4361-9ed9-2b18fe25a8fa%22:%91%22background_color_gradient_stops%22%93}\u00bb padding_tablet=\u00bb|10%||10%||true\u00bb padding_last_edited=\u00bbon|tablet\u00bb custom_padding__hover=\u00bb|||\u00bb padding_phone=\u00bb|10%||10%||true\u00bb][et_pb_cta title=\u00bbNuestra propuesta\u00bb button_url=\u00bb#top\u00bb admin_label=\u00bbSchool CTA\u00bb _builder_version=\u00bb4.23.1&#8243; header_font=\u00bbcalibri-bold|700||on|||||\u00bb header_font_size=\u00bb37px\u00bb header_letter_spacing=\u00bb6px\u00bb header_line_height=\u00bb1.5em\u00bb body_font=\u00bbcalibri-regular||||||||\u00bb body_line_height=\u00bb2em\u00bb body_quote_border_color=\u00bb#FFFFFF\u00bb body_quote_font=\u00bbcalibri-regular||||||||\u00bb body_quote_text_color=\u00bb#FFFFFF\u00bb use_background_color=\u00bboff\u00bb custom_button=\u00bbon\u00bb button_text_size=\u00bb16px\u00bb button_text_color=\u00bb#ffffff\u00bb button_bg_color=\u00bbrgba(255,255,255,0.1)\u00bb button_border_width=\u00bb10px\u00bb button_border_color=\u00bbrgba(65,65,144,0)\u00bb button_border_radius=\u00bb70px\u00bb button_font=\u00bbRubik|700|||||||\u00bb button_use_icon=\u00bboff\u00bb text_orientation=\u00bbleft\u00bb max_width=\u00bb600px\u00bb max_width_last_edited=\u00bboff|desktop\u00bb module_alignment=\u00bbleft\u00bb custom_margin=\u00bb|||\u00bb custom_padding=\u00bb|||\u00bb header_font_size_tablet=\u00bb\u00bb header_font_size_phone=\u00bb30px\u00bb header_font_size_last_edited=\u00bbon|phone\u00bb button_text_color_hover=\u00bb#e00b00&#8243; button_border_radius_hover=\u00bb70px\u00bb button_bg_color_hover=\u00bb#ffffff\u00bb global_colors_info=\u00bb{}\u00bb button_text_size__hover_enabled=\u00bboff\u00bb button_one_text_size__hover_enabled=\u00bboff\u00bb button_two_text_size__hover_enabled=\u00bboff\u00bb button_text_color__hover_enabled=\u00bbon\u00bb button_text_color__hover=\u00bb#e00b00&#8243; button_one_text_color__hover_enabled=\u00bboff\u00bb button_two_text_color__hover_enabled=\u00bboff\u00bb button_border_width__hover_enabled=\u00bboff\u00bb button_one_border_width__hover_enabled=\u00bboff\u00bb button_two_border_width__hover_enabled=\u00bboff\u00bb button_border_color__hover_enabled=\u00bboff\u00bb button_one_border_color__hover_enabled=\u00bboff\u00bb button_two_border_color__hover_enabled=\u00bboff\u00bb button_border_radius__hover_enabled=\u00bbon\u00bb button_border_radius__hover=\u00bb70px\u00bb button_one_border_radius__hover_enabled=\u00bboff\u00bb button_two_border_radius__hover_enabled=\u00bboff\u00bb button_letter_spacing__hover_enabled=\u00bboff\u00bb button_one_letter_spacing__hover_enabled=\u00bboff\u00bb button_two_letter_spacing__hover_enabled=\u00bboff\u00bb button_bg_color__hover_enabled=\u00bbon\u00bb button_bg_color__hover=\u00bb#ffffff\u00bb button_one_bg_color__hover_enabled=\u00bboff\u00bb button_two_bg_color__hover_enabled=\u00bboff\u00bb]<\/p>\n<p><span style=\"font-weight: 400;\">La finalidad de la escuela primaria hoy en d\u00eda es la ense\u00f1anza y la construcci\u00f3n de saberes socialmente productivos.<\/span><\/p>\n<p><span style=\"font-weight: 400;\">Saberes que crean y recrean un tejido social que sean \u00fatiles al conjunto de la sociedad. Para ello nos propusimos una Educaci\u00f3n sustentable la misma se refiere a replantear valores, actitudes, conocimientos, motivaci\u00f3n y deseo individual y colectivo en busca de una nueva forma de entender el mundo, de actuar y de pensar.<\/span><\/p>\n<blockquote>\n<p><em>En \u00abEl colegio de la Aldea\u00bb queremos brindarles un espacio que genere un entusiasmo genuino por aprender, que evoque gratitud hacia la vida, las personas y nuestra Tierra.<\/em><\/p>\n<\/blockquote>\n<p>[\/et_pb_cta][\/et_pb_column][\/et_pb_row][\/et_pb_section][et_pb_section fb_built=\u00bb1&#8243; admin_label=\u00bbOur Mission\u00bb _builder_version=\u00bb4.23.1&#8243; use_background_color_gradient=\u00bbon\u00bb background_color_gradient_stops=\u00bbrgba(233,239,243,0) 0%|#e9eff3 100%\u00bb background_color_gradient_start=\u00bbrgba(233,239,243,0)\u00bb background_color_gradient_end=\u00bb#e9eff3&#8243; background_image=\u00bbhttps:\/\/aldeadeninos.com.ar\/primario\/wp-content\/uploads\/sites\/3\/2023\/08\/shapes-bg-color.png\u00bb parallax=\u00bbon\u00bb custom_padding=\u00bb54px|0px|80px|0px|false|false\u00bb global_colors_info=\u00bb{}\u00bb][et_pb_row admin_label=\u00bbMission Row\u00bb _builder_version=\u00bb4.16&#8243; locked=\u00bboff\u00bb global_colors_info=\u00bb{}\u00bb][et_pb_column type=\u00bb4_4&#8243; _builder_version=\u00bb4.16&#8243; custom_padding=\u00bb|||\u00bb global_colors_info=\u00bb{}\u00bb custom_padding__hover=\u00bb|||\u00bb][et_pb_blurb title=\u00bbMISI\u00d3N\u00bb use_icon=\u00bbon\u00bb font_icon=\u00bb&#xf549;||fa||900&#8243; icon_color=\u00bb#9cae51&#8243; image_icon_width=\u00bb32px\u00bb content_max_width=\u00bb80%\u00bb _builder_version=\u00bb4.23.1&#8243; header_level=\u00bbh2&#8243; header_font=\u00bbcalibri-bold|700||on|||||\u00bb header_text_color=\u00bbgcid-faa946c2-4a15-4361-9ed9-2b18fe25a8fa\u00bb header_font_size=\u00bb2.5rem\u00bb header_letter_spacing=\u00bb5px\u00bb header_line_height=\u00bb1.4em\u00bb body_font=\u00bbcalibri-regular||||||||\u00bb body_text_color=\u00bbgcid-b0a6342f-4ade-499d-9ee5-20bb046a679a\u00bb body_font_size=\u00bb1rem\u00bb body_line_height=\u00bb2em\u00bb text_orientation=\u00bbcenter\u00bb custom_margin=\u00bb||0px|\u00bb header_font_size_last_edited=\u00bboff|desktop\u00bb icon_font_size=\u00bb32px\u00bb locked=\u00bboff\u00bb global_colors_info=\u00bb{%22gcid-faa946c2-4a15-4361-9ed9-2b18fe25a8fa%22:%91%22header_text_color%22%93,%22gcid-b0a6342f-4ade-499d-9ee5-20bb046a679a%22:%91%22body_text_color%22%93}\u00bb]<\/p>\n<p><span style=\"font-weight: 400;\">Por una parte el ni\u00f1o desarrolla una nueva y activa vida de imaginaci\u00f3n, al mismo tiempo que una mayor disposici\u00f3n para el aprendizaje en sentido formal. Experimenta y expresa la vida por medio de sentimientos m\u00e1s definidos. A medida que evoluciona durante estos a\u00f1os del segundo septenio, tambi\u00e9n comienza a desarrollar una aptitud para pensar consecuentemente. Esta etapa ha de ser manejada con sumo cuidado, dado que aunque esta nueva aptitud necesita ser estimulada, la caracter\u00edstica esencial del ni\u00f1o sigue siendo su universo imaginativo.<\/span><\/p>\n<p><span style=\"font-weight: 400;\">Las exigencias relativas a los contenidos de ense\u00f1anza de las diferentes materias han de supeditarse pues, a las peculiaridades de cada edad y as\u00ed satisfacer las exigencias de la realidad en que vivimos.<\/span><\/p>\n<p><span style=\"font-weight: 400;\">El arte de ense\u00f1ar supone guiar a los ni\u00f1os a un estado de receptividad a trav\u00e9s del cual puedan hacer descubrimientos que queden como experiencias profundas. El trabajo de clase puede tener \u00e9xito solo en un contacto directo entre el profesor y el alumno, ya que el aprendizaje debe verse como un proceso integral y vivo, no un producto abstracto; aqu\u00ed el arte no significa un curso espec\u00edfico, sino un proceso activo conjunto entre el conocimiento y la acci\u00f3n.<\/span><\/p>\n<p><span style=\"font-weight: 400;\">En la metodolog\u00eda de la Aldea no existe diferencia entre los sexos: cantar, ejecutar piezas musicales, hacer teatro, trabajos manuales, jardiner\u00eda o cursos t\u00e9cnicos se practican tanto por ni\u00f1os como por ni\u00f1as, ya que la pr\u00e1ctica de estas actividades no se refiere a su valor art\u00edstico, sino a construir puentes hacia el conocimiento mediante experiencias llenas de vida.<\/span><\/p>\n<p>[\/et_pb_blurb][\/et_pb_column][\/et_pb_row][\/et_pb_section]<\/p>\n","protected":false},"excerpt":{"rendered":"<p>Queremos brindarles un espacio que genere un entusiasmo genuino por aprender, que evoque gratitud hacia la vida, las personas y nuestra Tierra.Queremos brindarles un espacio que genere un entusiasmo genuino por aprender, que evoque gratitud hacia la vida, las personas y nuestra Tierra.Queremos brindarles un espacio que genere un entusiasmo genuino por aprender, que evoque [&hellip;]<\/p>\n","protected":false},"author":1,"featured_media":0,"parent":0,"menu_order":0,"comment_status":"closed","ping_status":"closed","template":"","meta":{"_et_pb_use_builder":"on","_et_pb_old_content":"","_et_gb_content_width":"","footnotes":""},"_links":{"self":[{"href":"https:\/\/aldeadeninos.com.ar\/primario\/wp-json\/wp\/v2\/pages\/101"}],"collection":[{"href":"https:\/\/aldeadeninos.com.ar\/primario\/wp-json\/wp\/v2\/pages"}],"about":[{"href":"https:\/\/aldeadeninos.com.ar\/primario\/wp-json\/wp\/v2\/types\/page"}],"author":[{"embeddable":true,"href":"https:\/\/aldeadeninos.com.ar\/primario\/wp-json\/wp\/v2\/users\/1"}],"replies":[{"embeddable":true,"href":"https:\/\/aldeadeninos.com.ar\/primario\/wp-json\/wp\/v2\/comments?post=101"}],"version-history":[{"count":20,"href":"https:\/\/aldeadeninos.com.ar\/primario\/wp-json\/wp\/v2\/pages\/101\/revisions"}],"predecessor-version":[{"id":273591,"href":"https:\/\/aldeadeninos.com.ar\/primario\/wp-json\/wp\/v2\/pages\/101\/revisions\/273591"}],"wp:attachment":[{"href":"https:\/\/aldeadeninos.com.ar\/primario\/wp-json\/wp\/v2\/media?parent=101"}],"curies":[{"name":"wp","href":"https:\/\/api.w.org\/{rel}","templated":true}]}}